{"id":140,"date":"2022-10-28T09:38:30","date_gmt":"2022-10-28T09:38:30","guid":{"rendered":"https:\/\/club-bienvivre.fr\/?page_id=140"},"modified":"2023-01-20T11:13:20","modified_gmt":"2023-01-20T11:13:20","slug":"les-membres-bienvivre","status":"publish","type":"page","link":"https:\/\/club-bienvivre.fr\/index.php\/les-membres-bienvivre\/","title":{"rendered":"Les membres BienVivre"},"content":{"rendered":"\t\t<div data-elementor-type=\"wp-page\" data-elementor-id=\"140\" class=\"elementor elementor-140\">\n\t\t\t\t\t\t\t\t\t<section class=\"elementor-section elementor-top-section elementor-element elementor-element-3b0cee10 elementor-section-boxed elementor-section-height-default elementor-section-height-default\" data-id=\"3b0cee10\" data-element_type=\"section\" data-settings=\"{&quot;background_background&quot;:&quot;classic&quot;}\">\n\t\t\t\t\t\t\t<div class=\"elementor-background-overlay\"><\/div>\n\t\t\t\t\t\t\t<div class=\"elementor-container elementor-column-gap-default\">\n\t\t\t\t\t<div class=\"elementor-column elementor-col-100 elementor-top-column elementor-element elementor-element-1f209a36\" data-id=\"1f209a36\" data-element_type=\"column\">\n\t\t\t<div class=\"elementor-widget-wrap elementor-element-populated\">\n\t\t\t\t\t\t\t\t<div class=\"elementor-element elementor-element-71e0ab65 elementor-widget elementor-widget-heading\" data-id=\"71e0ab65\" data-element_type=\"widget\" data-widget_type=\"heading.default\">\n\t\t\t\t<div class=\"elementor-widget-container\">\n\t\t\t<style>\/*! elementor - v3.7.8 - 02-10-2022 *\/\n.elementor-heading-title{padding:0;margin:0;line-height:1}.elementor-widget-heading .elementor-heading-title[class*=elementor-size-]>a{color:inherit;font-size:inherit;line-height:inherit}.elementor-widget-heading .elementor-heading-title.elementor-size-small{font-size:15px}.elementor-widget-heading .elementor-heading-title.elementor-size-medium{font-size:19px}.elementor-widget-heading .elementor-heading-title.elementor-size-large{font-size:29px}.elementor-widget-heading .elementor-heading-title.elementor-size-xl{font-size:39px}.elementor-widget-heading .elementor-heading-title.elementor-size-xxl{font-size:59px}<\/style><h2 class=\"elementor-heading-title elementor-size-medium\">le Bureau de l'association BienVivre<\/h2>\t\t<\/div>\n\t\t\t\t<\/div>\n\t\t\t\t<section class=\"elementor-section elementor-inner-section elementor-element elementor-element-5f693de5 elementor-section-boxed elementor-section-height-default elementor-section-height-default\" data-id=\"5f693de5\" data-element_type=\"section\">\n\t\t\t\t\t\t<div class=\"elementor-container elementor-column-gap-default\">\n\t\t\t\t\t<div class=\"elementor-column elementor-col-33 elementor-inner-column elementor-element elementor-element-4282ca7e\" data-id=\"4282ca7e\" data-element_type=\"column\">\n\t\t\t<div class=\"elementor-widget-wrap elementor-element-populated\">\n\t\t\t\t\t\t\t\t<div class=\"elementor-element elementor-element-3a5fa32c elementor-widget elementor-widget-image\" data-id=\"3a5fa32c\" data-element_type=\"widget\" data-widget_type=\"image.default\">\n\t\t\t\t<div class=\"elementor-widget-container\">\n\t\t\t<style>\/*! elementor - v3.7.8 - 02-10-2022 *\/\n.elementor-widget-image{text-align:center}.elementor-widget-image a{display:inline-block}.elementor-widget-image a img[src$=\".svg\"]{width:48px}.elementor-widget-image img{vertical-align:middle;display:inline-block}<\/style>\t\t\t\t\t\t\t\t\t\t\t\t<img decoding=\"async\" src=\"https:\/\/club-bienvivre.fr\/wp-content\/uploads\/elementor\/thumbs\/Did-che-bleu-detourre-q0niefv97f188q1yt39bh10uf8xo0vqjp4heky3gsw.jpg\" title=\"Did che bleu d\u00e9tourr\u00e9\" alt=\"Did che bleu d\u00e9tourr\u00e9\" \/>\t\t\t\t\t\t\t\t\t\t\t\t\t\t\t<\/div>\n\t\t\t\t<\/div>\n\t\t\t\t<div class=\"elementor-element elementor-element-415301ad elementor-widget elementor-widget-heading\" data-id=\"415301ad\" data-element_type=\"widget\" data-widget_type=\"heading.default\">\n\t\t\t\t<div class=\"elementor-widget-container\">\n\t\t\t<h3 class=\"elementor-heading-title elementor-size-default\">Didier GUEUGNON<\/h3>\t\t<\/div>\n\t\t\t\t<\/div>\n\t\t\t\t<div class=\"elementor-element elementor-element-6b2e99fc elementor-widget elementor-widget-text-editor\" data-id=\"6b2e99fc\" data-element_type=\"widget\" data-widget_type=\"text-editor.default\">\n\t\t\t\t<div class=\"elementor-widget-container\">\n\t\t\t<style>\/*! elementor - v3.7.8 - 02-10-2022 *\/\n.elementor-widget-text-editor.elementor-drop-cap-view-stacked .elementor-drop-cap{background-color:#818a91;color:#fff}.elementor-widget-text-editor.elementor-drop-cap-view-framed .elementor-drop-cap{color:#818a91;border:3px solid;background-color:transparent}.elementor-widget-text-editor:not(.elementor-drop-cap-view-default) .elementor-drop-cap{margin-top:8px}.elementor-widget-text-editor:not(.elementor-drop-cap-view-default) .elementor-drop-cap-letter{width:1em;height:1em}.elementor-widget-text-editor .elementor-drop-cap{float:left;text-align:center;line-height:1;font-size:50px}.elementor-widget-text-editor .elementor-drop-cap-letter{display:inline-block}<\/style>\t\t\t\t<h4>Fondateur<\/h4><p>Pr\u00e9sident par int\u00e9rim<\/p><p><span style=\"font-size: 14px;\">president@club-bienvivre.fr<\/span><\/p>\t\t\t\t\t\t<\/div>\n\t\t\t\t<\/div>\n\t\t\t\t\t<\/div>\n\t\t<\/div>\n\t\t\t\t<div class=\"elementor-column elementor-col-33 elementor-inner-column elementor-element elementor-element-56865150\" data-id=\"56865150\" data-element_type=\"column\">\n\t\t\t<div class=\"elementor-widget-wrap elementor-element-populated\">\n\t\t\t\t\t\t\t\t<div class=\"elementor-element elementor-element-2f54228b elementor-widget elementor-widget-image\" data-id=\"2f54228b\" data-element_type=\"widget\" data-widget_type=\"image.default\">\n\t\t\t\t<div class=\"elementor-widget-container\">\n\t\t\t\t\t\t\t\t\t\t\t\t\t\t\t<img decoding=\"async\" src=\"https:\/\/club-bienvivre.fr\/wp-content\/uploads\/elementor\/thumbs\/WhatsApp-Image-2023-01-16-at-19.59.02-e1674213160693-q0xr9z8suvpy8es8mqs79he8sls4w1l0gqi6iie4sw.jpeg\" title=\"WhatsApp Image 2023-01-16 at 19.59.02\" alt=\"WhatsApp Image 2023-01-16 at 19.59.02\" \/>\t\t\t\t\t\t\t\t\t\t\t\t\t\t\t<\/div>\n\t\t\t\t<\/div>\n\t\t\t\t<div class=\"elementor-element elementor-element-5c78c4f7 elementor-widget elementor-widget-heading\" data-id=\"5c78c4f7\" data-element_type=\"widget\" data-widget_type=\"heading.default\">\n\t\t\t\t<div class=\"elementor-widget-container\">\n\t\t\t<h3 class=\"elementor-heading-title elementor-size-default\">Louise Froger<\/h3>\t\t<\/div>\n\t\t\t\t<\/div>\n\t\t\t\t<div class=\"elementor-element elementor-element-e526cfc elementor-widget elementor-widget-text-editor\" data-id=\"e526cfc\" data-element_type=\"widget\" data-widget_type=\"text-editor.default\">\n\t\t\t\t<div class=\"elementor-widget-container\">\n\t\t\t\t\t\t\t<h4>Secr\u00e9taire<\/h4>\n<p>secretaire@club-bienvivre.fr<\/p>\t\t\t\t\t\t<\/div>\n\t\t\t\t<\/div>\n\t\t\t\t\t<\/div>\n\t\t<\/div>\n\t\t\t\t<div class=\"elementor-column elementor-col-33 elementor-inner-column elementor-element elementor-element-2baaed73\" data-id=\"2baaed73\" data-element_type=\"column\">\n\t\t\t<div class=\"elementor-widget-wrap elementor-element-populated\">\n\t\t\t\t\t\t\t\t<div class=\"elementor-element elementor-element-2d8498f9 elementor-widget elementor-widget-image\" data-id=\"2d8498f9\" data-element_type=\"widget\" data-widget_type=\"image.default\">\n\t\t\t\t<div class=\"elementor-widget-container\">\n\t\t\t\t\t\t\t\t\t\t\t\t\t\t\t<img decoding=\"async\" src=\"https:\/\/club-bienvivre.fr\/wp-content\/uploads\/elementor\/thumbs\/1C7D7A70-7DF0-46B5-BAD0-521C47629D99-07ED5E5A-CA56-482D-BE33-972E098E34E6-q0f0bsoi73c9zj8zy7yeljm69mfgkohffwe5ebjsgg.jpg\" title=\"Processed with VSCO with u1 preset\" alt=\"Processed with VSCO with u1 preset\" \/>\t\t\t\t\t\t\t\t\t\t\t\t\t\t\t<\/div>\n\t\t\t\t<\/div>\n\t\t\t\t<div class=\"elementor-element elementor-element-be3067a elementor-widget elementor-widget-heading\" data-id=\"be3067a\" data-element_type=\"widget\" data-widget_type=\"heading.default\">\n\t\t\t\t<div class=\"elementor-widget-container\">\n\t\t\t<h3 class=\"elementor-heading-title elementor-size-default\">Ma\u00eflys HOFFMANN<\/h3>\t\t<\/div>\n\t\t\t\t<\/div>\n\t\t\t\t<div class=\"elementor-element elementor-element-54b279b6 elementor-widget elementor-widget-text-editor\" data-id=\"54b279b6\" data-element_type=\"widget\" data-widget_type=\"text-editor.default\">\n\t\t\t\t<div class=\"elementor-widget-container\">\n\t\t\t\t\t\t\t<h4>Tr\u00e9sori\u00e8re<\/h4><p>tresorier@club-bienvivre.fr<\/p>\t\t\t\t\t\t<\/div>\n\t\t\t\t<\/div>\n\t\t\t\t\t<\/div>\n\t\t<\/div>\n\t\t\t\t\t\t\t<\/div>\n\t\t<\/section>\n\t\t\t\t\t<\/div>\n\t\t<\/div>\n\t\t\t\t\t\t\t<\/div>\n\t\t<\/section>\n\t\t\t\t\t\t\t<\/div>\n\t\t","protected":false},"excerpt":{"rendered":"<p>le Bureau de l&rsquo;association BienVivre Didier GUEUGNON Fondateur Pr\u00e9sident par int\u00e9rim president@club-bienvivre.fr Louise Froger Secr\u00e9taire secretaire@club-bienvivre.fr Ma\u00eflys HOFFMANN Tr\u00e9sori\u00e8re tresorier@club-bienvivre.fr<\/p>\n","protected":false},"author":1,"featured_media":0,"parent":0,"menu_order":0,"comment_status":"closed","ping_status":"closed","template":"","meta":{"footnotes":""},"class_list":["post-140","page","type-page","status-publish","hentry","entry"],"yoast_head":"<!-- This site is optimized with the Yoast SEO plugin v19.7.2 - https:\/\/yoast.com\/wordpress\/plugins\/seo\/ -->\n<title>Les membres BienVivre - Club BienVivre<\/title>\n<meta name=\"robots\" content=\"index, follow, max-snippet:-1, max-image-preview:large, max-video-preview:-1\" \/>\n<link rel=\"canonical\" href=\"https:\/\/club-bienvivre.fr\/index.php\/les-membres-bienvivre\/\" \/>\n<meta property=\"og:locale\" content=\"fr_FR\" \/>\n<meta property=\"og:type\" content=\"article\" \/>\n<meta property=\"og:title\" content=\"Les membres BienVivre - Club BienVivre\" \/>\n<meta property=\"og:description\" content=\"le Bureau de l&rsquo;association BienVivre Didier GUEUGNON Fondateur Pr\u00e9sident par int\u00e9rim president@club-bienvivre.fr Louise Froger Secr\u00e9taire secretaire@club-bienvivre.fr Ma\u00eflys HOFFMANN Tr\u00e9sori\u00e8re tresorier@club-bienvivre.fr\" \/>\n<meta property=\"og:url\" content=\"https:\/\/club-bienvivre.fr\/index.php\/les-membres-bienvivre\/\" \/>\n<meta property=\"og:site_name\" content=\"Club BienVivre\" \/>\n<meta property=\"article:modified_time\" content=\"2023-01-20T11:13:20+00:00\" \/>\n<meta property=\"og:image\" content=\"https:\/\/club-bienvivre.fr\/wp-content\/uploads\/elementor\/thumbs\/Did-che-bleu-detourre-q0niefv97f188q1yt39bh10uf8xo0vqjp4heky3gsw.jpg\" \/>\n<meta name=\"twitter:card\" content=\"summary_large_image\" \/>\n<meta name=\"twitter:label1\" content=\"Dur\u00e9e de lecture estim\u00e9e\" \/>\n\t<meta name=\"twitter:data1\" content=\"1 minute\" \/>\n<script type=\"application\/ld+json\" class=\"yoast-schema-graph\">{\"@context\":\"https:\/\/schema.org\",\"@graph\":[{\"@type\":\"WebPage\",\"@id\":\"https:\/\/club-bienvivre.fr\/index.php\/les-membres-bienvivre\/\",\"url\":\"https:\/\/club-bienvivre.fr\/index.php\/les-membres-bienvivre\/\",\"name\":\"Les membres BienVivre - Club BienVivre\",\"isPartOf\":{\"@id\":\"https:\/\/club-bienvivre.fr\/#website\"},\"datePublished\":\"2022-10-28T09:38:30+00:00\",\"dateModified\":\"2023-01-20T11:13:20+00:00\",\"breadcrumb\":{\"@id\":\"https:\/\/club-bienvivre.fr\/index.php\/les-membres-bienvivre\/#breadcrumb\"},\"inLanguage\":\"fr-FR\",\"potentialAction\":[{\"@type\":\"ReadAction\",\"target\":[\"https:\/\/club-bienvivre.fr\/index.php\/les-membres-bienvivre\/\"]}]},{\"@type\":\"BreadcrumbList\",\"@id\":\"https:\/\/club-bienvivre.fr\/index.php\/les-membres-bienvivre\/#breadcrumb\",\"itemListElement\":[{\"@type\":\"ListItem\",\"position\":1,\"name\":\"Accueil\",\"item\":\"https:\/\/club-bienvivre.fr\/\"},{\"@type\":\"ListItem\",\"position\":2,\"name\":\"Les membres BienVivre\"}]},{\"@type\":\"WebSite\",\"@id\":\"https:\/\/club-bienvivre.fr\/#website\",\"url\":\"https:\/\/club-bienvivre.fr\/\",\"name\":\"Club BienVivre\",\"description\":\"Just another WordPress site\",\"publisher\":{\"@id\":\"https:\/\/club-bienvivre.fr\/#organization\"},\"potentialAction\":[{\"@type\":\"SearchAction\",\"target\":{\"@type\":\"EntryPoint\",\"urlTemplate\":\"https:\/\/club-bienvivre.fr\/?s={search_term_string}\"},\"query-input\":\"required name=search_term_string\"}],\"inLanguage\":\"fr-FR\"},{\"@type\":\"Organization\",\"@id\":\"https:\/\/club-bienvivre.fr\/#organization\",\"name\":\"Club BienVivre\",\"url\":\"https:\/\/club-bienvivre.fr\/\",\"sameAs\":[],\"logo\":{\"@type\":\"ImageObject\",\"inLanguage\":\"fr-FR\",\"@id\":\"https:\/\/club-bienvivre.fr\/#\/schema\/logo\/image\/\",\"url\":\"https:\/\/club-bienvivre.fr\/wp-content\/uploads\/2023\/01\/cropped-Club-BV-slogan.png\",\"contentUrl\":\"https:\/\/club-bienvivre.fr\/wp-content\/uploads\/2023\/01\/cropped-Club-BV-slogan.png\",\"width\":945,\"height\":270,\"caption\":\"Club BienVivre\"},\"image\":{\"@id\":\"https:\/\/club-bienvivre.fr\/#\/schema\/logo\/image\/\"}}]}<\/script>\n<!-- \/ Yoast SEO plugin. -->","yoast_head_json":{"title":"Les membres BienVivre - Club BienVivre","robots":{"index":"index","follow":"follow","max-snippet":"max-snippet:-1","max-image-preview":"max-image-preview:large","max-video-preview":"max-video-preview:-1"},"canonical":"https:\/\/club-bienvivre.fr\/index.php\/les-membres-bienvivre\/","og_locale":"fr_FR","og_type":"article","og_title":"Les membres BienVivre - Club BienVivre","og_description":"le Bureau de l&rsquo;association BienVivre Didier GUEUGNON Fondateur Pr\u00e9sident par int\u00e9rim president@club-bienvivre.fr Louise Froger Secr\u00e9taire secretaire@club-bienvivre.fr Ma\u00eflys HOFFMANN Tr\u00e9sori\u00e8re tresorier@club-bienvivre.fr","og_url":"https:\/\/club-bienvivre.fr\/index.php\/les-membres-bienvivre\/","og_site_name":"Club BienVivre","article_modified_time":"2023-01-20T11:13:20+00:00","og_image":[{"url":"https:\/\/club-bienvivre.fr\/wp-content\/uploads\/elementor\/thumbs\/Did-che-bleu-detourre-q0niefv97f188q1yt39bh10uf8xo0vqjp4heky3gsw.jpg"}],"twitter_card":"summary_large_image","twitter_misc":{"Dur\u00e9e de lecture estim\u00e9e":"1 minute"},"schema":{"@context":"https:\/\/schema.org","@graph":[{"@type":"WebPage","@id":"https:\/\/club-bienvivre.fr\/index.php\/les-membres-bienvivre\/","url":"https:\/\/club-bienvivre.fr\/index.php\/les-membres-bienvivre\/","name":"Les membres BienVivre - Club BienVivre","isPartOf":{"@id":"https:\/\/club-bienvivre.fr\/#website"},"datePublished":"2022-10-28T09:38:30+00:00","dateModified":"2023-01-20T11:13:20+00:00","breadcrumb":{"@id":"https:\/\/club-bienvivre.fr\/index.php\/les-membres-bienvivre\/#breadcrumb"},"inLanguage":"fr-FR","potentialAction":[{"@type":"ReadAction","target":["https:\/\/club-bienvivre.fr\/index.php\/les-membres-bienvivre\/"]}]},{"@type":"BreadcrumbList","@id":"https:\/\/club-bienvivre.fr\/index.php\/les-membres-bienvivre\/#breadcrumb","itemListElement":[{"@type":"ListItem","position":1,"name":"Accueil","item":"https:\/\/club-bienvivre.fr\/"},{"@type":"ListItem","position":2,"name":"Les membres BienVivre"}]},{"@type":"WebSite","@id":"https:\/\/club-bienvivre.fr\/#website","url":"https:\/\/club-bienvivre.fr\/","name":"Club BienVivre","description":"Just another WordPress site","publisher":{"@id":"https:\/\/club-bienvivre.fr\/#organization"},"potentialAction":[{"@type":"SearchAction","target":{"@type":"EntryPoint","urlTemplate":"https:\/\/club-bienvivre.fr\/?s={search_term_string}"},"query-input":"required name=search_term_string"}],"inLanguage":"fr-FR"},{"@type":"Organization","@id":"https:\/\/club-bienvivre.fr\/#organization","name":"Club BienVivre","url":"https:\/\/club-bienvivre.fr\/","sameAs":[],"logo":{"@type":"ImageObject","inLanguage":"fr-FR","@id":"https:\/\/club-bienvivre.fr\/#\/schema\/logo\/image\/","url":"https:\/\/club-bienvivre.fr\/wp-content\/uploads\/2023\/01\/cropped-Club-BV-slogan.png","contentUrl":"https:\/\/club-bienvivre.fr\/wp-content\/uploads\/2023\/01\/cropped-Club-BV-slogan.png","width":945,"height":270,"caption":"Club BienVivre"},"image":{"@id":"https:\/\/club-bienvivre.fr\/#\/schema\/logo\/image\/"}}]}},"_links":{"self":[{"href":"https:\/\/club-bienvivre.fr\/index.php\/wp-json\/wp\/v2\/pages\/140","targetHints":{"allow":["GET"]}}],"collection":[{"href":"https:\/\/club-bienvivre.fr\/index.php\/wp-json\/wp\/v2\/pages"}],"about":[{"href":"https:\/\/club-bienvivre.fr\/index.php\/wp-json\/wp\/v2\/types\/page"}],"author":[{"embeddable":true,"href":"https:\/\/club-bienvivre.fr\/index.php\/wp-json\/wp\/v2\/users\/1"}],"replies":[{"embeddable":true,"href":"https:\/\/club-bienvivre.fr\/index.php\/wp-json\/wp\/v2\/comments?post=140"}],"version-history":[{"count":28,"href":"https:\/\/club-bienvivre.fr\/index.php\/wp-json\/wp\/v2\/pages\/140\/revisions"}],"predecessor-version":[{"id":595,"href":"https:\/\/club-bienvivre.fr\/index.php\/wp-json\/wp\/v2\/pages\/140\/revisions\/595"}],"wp:attachment":[{"href":"https:\/\/club-bienvivre.fr\/index.php\/wp-json\/wp\/v2\/media?parent=140"}],"curies":[{"name":"wp","href":"https:\/\/api.w.org\/{rel}","templated":true}]}}