{"id":251,"date":"2023-01-05T14:47:59","date_gmt":"2023-01-05T14:47:59","guid":{"rendered":"https:\/\/club-bienvivre.fr\/?page_id=251"},"modified":"2023-01-20T11:16:14","modified_gmt":"2023-01-20T11:16:14","slug":"nous-soutenir","status":"publish","type":"page","link":"https:\/\/club-bienvivre.fr\/index.php\/nous-soutenir\/","title":{"rendered":"Nous soutenir"},"content":{"rendered":"\t\t<div data-elementor-type=\"wp-page\" data-elementor-id=\"251\" class=\"elementor elementor-251\">\n\t\t\t\t\t\t\t\t\t<section class=\"elementor-section elementor-top-section elementor-element elementor-element-a13cc5b elementor-section-boxed elementor-section-height-default elementor-section-height-default\" data-id=\"a13cc5b\" data-element_type=\"section\">\n\t\t\t\t\t\t<div class=\"elementor-container elementor-column-gap-default\">\n\t\t\t\t\t<div class=\"elementor-column elementor-col-100 elementor-top-column elementor-element elementor-element-7b2caa1\" data-id=\"7b2caa1\" data-element_type=\"column\">\n\t\t\t<div class=\"elementor-widget-wrap elementor-element-populated\">\n\t\t\t\t\t\t\t\t<div class=\"elementor-element elementor-element-b3d50f3 elementor-widget elementor-widget-spacer\" data-id=\"b3d50f3\" data-element_type=\"widget\" data-widget_type=\"spacer.default\">\n\t\t\t\t<div class=\"elementor-widget-container\">\n\t\t\t<style>\/*! elementor - v3.7.8 - 02-10-2022 *\/\n.elementor-column .elementor-spacer-inner{height:var(--spacer-size)}.e-container{--container-widget-width:100%}.e-container>.elementor-widget-spacer{width:var(--container-widget-width,var(--spacer-size));-ms-flex-item-align:stretch;align-self:stretch;-ms-flex-negative:0;flex-shrink:0}.e-container>.elementor-widget-spacer>.elementor-widget-container,.e-container>.elementor-widget-spacer>.elementor-widget-container>.elementor-spacer{height:100%}.e-container>.elementor-widget-spacer>.elementor-widget-container>.elementor-spacer>.elementor-spacer-inner{height:var(--container-widget-height,var(--spacer-size))}<\/style>\t\t<div class=\"elementor-spacer\">\n\t\t\t<div class=\"elementor-spacer-inner\"><\/div>\n\t\t<\/div>\n\t\t\t\t<\/div>\n\t\t\t\t<\/div>\n\t\t\t\t<div class=\"elementor-element elementor-element-3601233 elementor-widget elementor-widget-heading\" data-id=\"3601233\" data-element_type=\"widget\" data-widget_type=\"heading.default\">\n\t\t\t\t<div class=\"elementor-widget-container\">\n\t\t\t<style>\/*! elementor - v3.7.8 - 02-10-2022 *\/\n.elementor-heading-title{padding:0;margin:0;line-height:1}.elementor-widget-heading .elementor-heading-title[class*=elementor-size-]>a{color:inherit;font-size:inherit;line-height:inherit}.elementor-widget-heading .elementor-heading-title.elementor-size-small{font-size:15px}.elementor-widget-heading .elementor-heading-title.elementor-size-medium{font-size:19px}.elementor-widget-heading .elementor-heading-title.elementor-size-large{font-size:29px}.elementor-widget-heading .elementor-heading-title.elementor-size-xl{font-size:39px}.elementor-widget-heading .elementor-heading-title.elementor-size-xxl{font-size:59px}<\/style><h2 class=\"elementor-heading-title elementor-size-default\">Soutenir l'association <\/h2>\t\t<\/div>\n\t\t\t\t<\/div>\n\t\t\t\t\t<\/div>\n\t\t<\/div>\n\t\t\t\t\t\t\t<\/div>\n\t\t<\/section>\n\t\t\t\t<section class=\"elementor-section elementor-top-section elementor-element elementor-element-5341f900 elementor-section-boxed elementor-section-height-default elementor-section-height-default\" data-id=\"5341f900\" data-element_type=\"section\">\n\t\t\t\t\t\t<div class=\"elementor-container elementor-column-gap-default\">\n\t\t\t\t\t<div class=\"elementor-column elementor-col-100 elementor-top-column elementor-element elementor-element-7f43db56\" data-id=\"7f43db56\" data-element_type=\"column\">\n\t\t\t<div class=\"elementor-widget-wrap elementor-element-populated\">\n\t\t\t\t\t\t\t\t<div class=\"elementor-element elementor-element-272df195 elementor-widget elementor-widget-text-editor\" data-id=\"272df195\" data-element_type=\"widget\" data-widget_type=\"text-editor.default\">\n\t\t\t\t<div class=\"elementor-widget-container\">\n\t\t\t<style>\/*! elementor - v3.7.8 - 02-10-2022 *\/\n.elementor-widget-text-editor.elementor-drop-cap-view-stacked .elementor-drop-cap{background-color:#818a91;color:#fff}.elementor-widget-text-editor.elementor-drop-cap-view-framed .elementor-drop-cap{color:#818a91;border:3px solid;background-color:transparent}.elementor-widget-text-editor:not(.elementor-drop-cap-view-default) .elementor-drop-cap{margin-top:8px}.elementor-widget-text-editor:not(.elementor-drop-cap-view-default) .elementor-drop-cap-letter{width:1em;height:1em}.elementor-widget-text-editor .elementor-drop-cap{float:left;text-align:center;line-height:1;font-size:50px}.elementor-widget-text-editor .elementor-drop-cap-letter{display:inline-block}<\/style>\t\t\t\t<p><!-- wp:paragraph --><\/p>\n<p style=\"text-align: center;\"><span style=\"color: #000000;\">Nos b\u00e9n\u00e9voles du Club-BienVivre oeuvrent chaque jour pour am\u00e9liorer la vie de nos familles et producteurs fran\u00e7ais<\/span><\/p>\n<p style=\"text-align: center;\"><span style=\"color: #000000;\">Pour nous soutenir et nous aider dans nos actions tu as le choix : <strong>adh\u00e9rer \u00e0 l&rsquo;association, faire un don ou encore nous proposer des partenaires.<\/strong><\/span><\/p>\n<p><!-- \/wp:paragraph --><!-- wp:paragraph --><\/p>\n<p><!-- \/wp:contact-form-7\/contact-form-selector --><\/p>\t\t\t\t\t\t<\/div>\n\t\t\t\t<\/div>\n\t\t\t\t<div class=\"elementor-element elementor-element-a7fd5a9 elementor-widget elementor-widget-spacer\" data-id=\"a7fd5a9\" data-element_type=\"widget\" data-widget_type=\"spacer.default\">\n\t\t\t\t<div class=\"elementor-widget-container\">\n\t\t\t\t\t<div class=\"elementor-spacer\">\n\t\t\t<div class=\"elementor-spacer-inner\"><\/div>\n\t\t<\/div>\n\t\t\t\t<\/div>\n\t\t\t\t<\/div>\n\t\t\t\t\t<\/div>\n\t\t<\/div>\n\t\t\t\t\t\t\t<\/div>\n\t\t<\/section>\n\t\t\t\t<section class=\"elementor-section elementor-top-section elementor-element elementor-element-8c597d1 elementor-section-boxed elementor-section-height-default elementor-section-height-default\" data-id=\"8c597d1\" data-element_type=\"section\">\n\t\t\t\t\t\t<div class=\"elementor-container elementor-column-gap-default\">\n\t\t\t\t\t<div class=\"elementor-column elementor-col-33 elementor-top-column elementor-element elementor-element-f9d805b\" data-id=\"f9d805b\" data-element_type=\"column\">\n\t\t\t<div class=\"elementor-widget-wrap elementor-element-populated\">\n\t\t\t\t\t\t\t\t<div class=\"elementor-element elementor-element-abdbc98 elementor-widget elementor-widget-heading\" data-id=\"abdbc98\" data-element_type=\"widget\" data-widget_type=\"heading.default\">\n\t\t\t\t<div class=\"elementor-widget-container\">\n\t\t\t<h2 class=\"elementor-heading-title elementor-size-default\">J'adh\u00e8re \u00e0 l'association<\/h2>\t\t<\/div>\n\t\t\t\t<\/div>\n\t\t\t\t<div class=\"elementor-element elementor-element-3478c78 elementor-widget elementor-widget-image\" data-id=\"3478c78\" data-element_type=\"widget\" data-widget_type=\"image.default\">\n\t\t\t\t<div class=\"elementor-widget-container\">\n\t\t\t<style>\/*! elementor - v3.7.8 - 02-10-2022 *\/\n.elementor-widget-image{text-align:center}.elementor-widget-image a{display:inline-block}.elementor-widget-image a img[src$=\".svg\"]{width:48px}.elementor-widget-image img{vertical-align:middle;display:inline-block}<\/style>\t\t\t\t\t\t\t\t\t\t\t\t<img loading=\"lazy\" decoding=\"async\" width=\"1024\" height=\"683\" src=\"https:\/\/club-bienvivre.fr\/wp-content\/uploads\/2023\/01\/pexels-cottonbro-studio-6590920-1024x683.jpg\" class=\"attachment-large size-large\" alt=\"\" srcset=\"https:\/\/club-bienvivre.fr\/wp-content\/uploads\/2023\/01\/pexels-cottonbro-studio-6590920-1024x683.jpg 1024w, https:\/\/club-bienvivre.fr\/wp-content\/uploads\/2023\/01\/pexels-cottonbro-studio-6590920-300x200.jpg 300w, https:\/\/club-bienvivre.fr\/wp-content\/uploads\/2023\/01\/pexels-cottonbro-studio-6590920-768x512.jpg 768w, https:\/\/club-bienvivre.fr\/wp-content\/uploads\/2023\/01\/pexels-cottonbro-studio-6590920-1536x1024.jpg 1536w, https:\/\/club-bienvivre.fr\/wp-content\/uploads\/2023\/01\/pexels-cottonbro-studio-6590920-2048x1365.jpg 2048w\" sizes=\"auto, (max-width: 1024px) 100vw, 1024px\" \/>\t\t\t\t\t\t\t\t\t\t\t\t\t\t\t<\/div>\n\t\t\t\t<\/div>\n\t\t\t\t<div class=\"elementor-element elementor-element-0c1588c elementor-widget elementor-widget-text-editor\" data-id=\"0c1588c\" data-element_type=\"widget\" data-widget_type=\"text-editor.default\">\n\t\t\t\t<div class=\"elementor-widget-container\">\n\t\t\t\t\t\t\t<p>Tu souhaites faire partie des adh\u00e9rents du Club-BienVivre ?<\/p>\n<p>Choisis ton r\u00f4le et rejoins nous dans cette belle aventure !<\/p>\t\t\t\t\t\t<\/div>\n\t\t\t\t<\/div>\n\t\t\t\t<div class=\"elementor-element elementor-element-072d325 elementor-align-center elementor-widget elementor-widget-button\" data-id=\"072d325\" data-element_type=\"widget\" data-widget_type=\"button.default\">\n\t\t\t\t<div class=\"elementor-widget-container\">\n\t\t\t\t\t<div class=\"elementor-button-wrapper\">\n\t\t\t<a href=\"https:\/\/club-bienvivre.fr\" class=\"elementor-button-link elementor-button elementor-size-lg\" role=\"button\">\n\t\t\t\t\t\t<span class=\"elementor-button-content-wrapper\">\n\t\t\t\t\t\t\t<span class=\"elementor-button-icon elementor-align-icon-right\">\n\t\t\t\t<i aria-hidden=\"true\" class=\"far fa-check-circle\"><\/i>\t\t\t<\/span>\n\t\t\t\t\t\t<span class=\"elementor-button-text\">Rejoins nous<\/span>\n\t\t<\/span>\n\t\t\t\t\t<\/a>\n\t\t<\/div>\n\t\t\t\t<\/div>\n\t\t\t\t<\/div>\n\t\t\t\t\t<\/div>\n\t\t<\/div>\n\t\t\t\t<div class=\"elementor-column elementor-col-33 elementor-top-column elementor-element elementor-element-dde2801\" data-id=\"dde2801\" data-element_type=\"column\">\n\t\t\t<div class=\"elementor-widget-wrap elementor-element-populated\">\n\t\t\t\t\t\t\t\t<div class=\"elementor-element elementor-element-c6dee94 elementor-widget elementor-widget-heading\" data-id=\"c6dee94\" data-element_type=\"widget\" data-widget_type=\"heading.default\">\n\t\t\t\t<div class=\"elementor-widget-container\">\n\t\t\t<h2 class=\"elementor-heading-title elementor-size-default\">Je fais un don<\/h2>\t\t<\/div>\n\t\t\t\t<\/div>\n\t\t\t\t<div class=\"elementor-element elementor-element-8a91721 elementor-widget elementor-widget-image\" data-id=\"8a91721\" data-element_type=\"widget\" data-widget_type=\"image.default\">\n\t\t\t\t<div class=\"elementor-widget-container\">\n\t\t\t\t\t\t\t\t\t\t\t\t\t\t\t<img loading=\"lazy\" decoding=\"async\" width=\"1024\" height=\"734\" src=\"https:\/\/club-bienvivre.fr\/wp-content\/uploads\/2023\/01\/pexels-liza-summer-6347738-1-1024x734.jpg\" class=\"attachment-large size-large\" alt=\"\" srcset=\"https:\/\/club-bienvivre.fr\/wp-content\/uploads\/2023\/01\/pexels-liza-summer-6347738-1-1024x734.jpg 1024w, https:\/\/club-bienvivre.fr\/wp-content\/uploads\/2023\/01\/pexels-liza-summer-6347738-1-300x215.jpg 300w, https:\/\/club-bienvivre.fr\/wp-content\/uploads\/2023\/01\/pexels-liza-summer-6347738-1-768x550.jpg 768w, https:\/\/club-bienvivre.fr\/wp-content\/uploads\/2023\/01\/pexels-liza-summer-6347738-1-1536x1101.jpg 1536w, https:\/\/club-bienvivre.fr\/wp-content\/uploads\/2023\/01\/pexels-liza-summer-6347738-1-2048x1468.jpg 2048w\" sizes=\"auto, (max-width: 1024px) 100vw, 1024px\" \/>\t\t\t\t\t\t\t\t\t\t\t\t\t\t\t<\/div>\n\t\t\t\t<\/div>\n\t\t\t\t<div class=\"elementor-element elementor-element-36a0667 elementor-widget elementor-widget-text-editor\" data-id=\"36a0667\" data-element_type=\"widget\" data-widget_type=\"text-editor.default\">\n\t\t\t\t<div class=\"elementor-widget-container\">\n\t\t\t\t\t\t\t<p>En faisant un don tu donnes des moyens pour r\u00e9aliser nos actions. Ton don est s\u00e9curis\u00e9 via PayPal ou carte bancaire.<\/p>\n<p>66% du montant du don est d\u00e9ductible de tes imp\u00f4ts (<a href=\"https:\/\/www.service-public.fr\/particuliers\/vosdroits\/F426\">les informations ici<\/a>)<\/p>\t\t\t\t\t\t<\/div>\n\t\t\t\t<\/div>\n\t\t\t\t<div class=\"elementor-element elementor-element-dc6e489 elementor-align-center elementor-widget elementor-widget-button\" data-id=\"dc6e489\" data-element_type=\"widget\" data-widget_type=\"button.default\">\n\t\t\t\t<div class=\"elementor-widget-container\">\n\t\t\t\t\t<div class=\"elementor-button-wrapper\">\n\t\t\t<a href=\"https:\/\/www.paypal.com\/donate\/?hosted_button_id=S634SU3TK88GU\" class=\"elementor-button-link elementor-button elementor-size-lg\" role=\"button\">\n\t\t\t\t\t\t<span class=\"elementor-button-content-wrapper\">\n\t\t\t\t\t\t\t<span class=\"elementor-button-icon elementor-align-icon-right\">\n\t\t\t\t<i aria-hidden=\"true\" class=\"fas fa-donate\"><\/i>\t\t\t<\/span>\n\t\t\t\t\t\t<span class=\"elementor-button-text\">Faire un don<\/span>\n\t\t<\/span>\n\t\t\t\t\t<\/a>\n\t\t<\/div>\n\t\t\t\t<\/div>\n\t\t\t\t<\/div>\n\t\t\t\t\t<\/div>\n\t\t<\/div>\n\t\t\t\t<div class=\"elementor-column elementor-col-33 elementor-top-column elementor-element elementor-element-12d6728\" data-id=\"12d6728\" data-element_type=\"column\">\n\t\t\t<div class=\"elementor-widget-wrap elementor-element-populated\">\n\t\t\t\t\t\t\t\t<div class=\"elementor-element elementor-element-348f95a elementor-widget elementor-widget-heading\" data-id=\"348f95a\" data-element_type=\"widget\" data-widget_type=\"heading.default\">\n\t\t\t\t<div class=\"elementor-widget-container\">\n\t\t\t<h2 class=\"elementor-heading-title elementor-size-default\">Je souhaite \u00eatre partenaire<\/h2>\t\t<\/div>\n\t\t\t\t<\/div>\n\t\t\t\t<div class=\"elementor-element elementor-element-4c02a87 elementor-widget elementor-widget-image\" data-id=\"4c02a87\" data-element_type=\"widget\" data-widget_type=\"image.default\">\n\t\t\t\t<div class=\"elementor-widget-container\">\n\t\t\t\t\t\t\t\t\t\t\t\t\t\t\t<img loading=\"lazy\" decoding=\"async\" width=\"1024\" height=\"683\" src=\"https:\/\/club-bienvivre.fr\/wp-content\/uploads\/2023\/01\/pexels-fauxels-3184418-1024x683.jpg\" class=\"attachment-large size-large\" alt=\"\" srcset=\"https:\/\/club-bienvivre.fr\/wp-content\/uploads\/2023\/01\/pexels-fauxels-3184418-1024x683.jpg 1024w, https:\/\/club-bienvivre.fr\/wp-content\/uploads\/2023\/01\/pexels-fauxels-3184418-300x200.jpg 300w, https:\/\/club-bienvivre.fr\/wp-content\/uploads\/2023\/01\/pexels-fauxels-3184418-768x512.jpg 768w, https:\/\/club-bienvivre.fr\/wp-content\/uploads\/2023\/01\/pexels-fauxels-3184418-1536x1024.jpg 1536w, https:\/\/club-bienvivre.fr\/wp-content\/uploads\/2023\/01\/pexels-fauxels-3184418-2048x1365.jpg 2048w\" sizes=\"auto, (max-width: 1024px) 100vw, 1024px\" \/>\t\t\t\t\t\t\t\t\t\t\t\t\t\t\t<\/div>\n\t\t\t\t<\/div>\n\t\t\t\t<div class=\"elementor-element elementor-element-a06967c elementor-widget elementor-widget-text-editor\" data-id=\"a06967c\" data-element_type=\"widget\" data-widget_type=\"text-editor.default\">\n\t\t\t\t<div class=\"elementor-widget-container\">\n\t\t\t\t\t\t\t<p>Tu souhaites t&rsquo;engager dans un projet de partenariat ? Tu connais des associations ou entreprises int\u00e9ress\u00e9es ? Ecris \u00e0 notre secr\u00e9taire et nous reviendrons vers toi !<\/p>\t\t\t\t\t\t<\/div>\n\t\t\t\t<\/div>\n\t\t\t\t<div class=\"elementor-element elementor-element-ab31758 elementor-align-center elementor-widget elementor-widget-button\" data-id=\"ab31758\" data-element_type=\"widget\" data-widget_type=\"button.default\">\n\t\t\t\t<div class=\"elementor-widget-container\">\n\t\t\t\t\t<div class=\"elementor-button-wrapper\">\n\t\t\t<a href=\"https:\/\/club-bienvivre.fr\/index.php\/contact\/\" class=\"elementor-button-link elementor-button elementor-size-lg\" role=\"button\">\n\t\t\t\t\t\t<span class=\"elementor-button-content-wrapper\">\n\t\t\t\t\t\t\t<span class=\"elementor-button-icon elementor-align-icon-right\">\n\t\t\t\t<i aria-hidden=\"true\" class=\"fas fa-handshake\"><\/i>\t\t\t<\/span>\n\t\t\t\t\t\t<span class=\"elementor-button-text\">Etre partenaire<\/span>\n\t\t<\/span>\n\t\t\t\t\t<\/a>\n\t\t<\/div>\n\t\t\t\t<\/div>\n\t\t\t\t<\/div>\n\t\t\t\t\t<\/div>\n\t\t<\/div>\n\t\t\t\t\t\t\t<\/div>\n\t\t<\/section>\n\t\t\t\t<section class=\"elementor-section elementor-top-section elementor-element elementor-element-8cc36e0 elementor-section-boxed elementor-section-height-default elementor-section-height-default\" data-id=\"8cc36e0\" data-element_type=\"section\">\n\t\t\t\t\t\t<div class=\"elementor-container elementor-column-gap-default\">\n\t\t\t\t\t<div class=\"elementor-column elementor-col-100 elementor-top-column elementor-element elementor-element-67a3411\" data-id=\"67a3411\" data-element_type=\"column\">\n\t\t\t<div class=\"elementor-widget-wrap elementor-element-populated\">\n\t\t\t\t\t\t\t\t<div class=\"elementor-element elementor-element-e8ff831 elementor-widget elementor-widget-spacer\" data-id=\"e8ff831\" data-element_type=\"widget\" data-widget_type=\"spacer.default\">\n\t\t\t\t<div class=\"elementor-widget-container\">\n\t\t\t\t\t<div class=\"elementor-spacer\">\n\t\t\t<div class=\"elementor-spacer-inner\"><\/div>\n\t\t<\/div>\n\t\t\t\t<\/div>\n\t\t\t\t<\/div>\n\t\t\t\t\t<\/div>\n\t\t<\/div>\n\t\t\t\t\t\t\t<\/div>\n\t\t<\/section>\n\t\t\t\t\t\t\t<\/div>\n\t\t","protected":false},"excerpt":{"rendered":"<p>Soutenir l&rsquo;association Nos b\u00e9n\u00e9voles du Club-BienVivre oeuvrent chaque jour pour am\u00e9liorer la vie de nos familles et producteurs fran\u00e7ais Pour nous soutenir et nous aider dans nos actions tu as le choix : adh\u00e9rer \u00e0 l&rsquo;association, faire un don ou encore nous proposer des partenaires. J&rsquo;adh\u00e8re \u00e0 l&rsquo;association Tu souhaites faire partie des adh\u00e9rents du [&hellip;]<\/p>\n","protected":false},"author":1,"featured_media":0,"parent":0,"menu_order":0,"comment_status":"closed","ping_status":"closed","template":"","meta":{"footnotes":""},"class_list":["post-251","page","type-page","status-publish","hentry","entry"],"yoast_head":"<!-- This site is optimized with the Yoast SEO plugin v19.7.2 - https:\/\/yoast.com\/wordpress\/plugins\/seo\/ -->\n<title>Nous soutenir - Club BienVivre<\/title>\n<meta name=\"robots\" content=\"index, follow, max-snippet:-1, max-image-preview:large, max-video-preview:-1\" \/>\n<link rel=\"canonical\" href=\"https:\/\/club-bienvivre.fr\/index.php\/nous-soutenir\/\" \/>\n<meta property=\"og:locale\" content=\"fr_FR\" \/>\n<meta property=\"og:type\" content=\"article\" \/>\n<meta property=\"og:title\" content=\"Nous soutenir - Club BienVivre\" \/>\n<meta property=\"og:description\" content=\"Soutenir l&rsquo;association Nos b\u00e9n\u00e9voles du Club-BienVivre oeuvrent chaque jour pour am\u00e9liorer la vie de nos familles et producteurs fran\u00e7ais Pour nous soutenir et nous aider dans nos actions tu as le choix : adh\u00e9rer \u00e0 l&rsquo;association, faire un don ou encore nous proposer des partenaires. J&rsquo;adh\u00e8re \u00e0 l&rsquo;association Tu souhaites faire partie des adh\u00e9rents du [&hellip;]\" \/>\n<meta property=\"og:url\" content=\"https:\/\/club-bienvivre.fr\/index.php\/nous-soutenir\/\" \/>\n<meta property=\"og:site_name\" content=\"Club BienVivre\" \/>\n<meta property=\"article:modified_time\" content=\"2023-01-20T11:16:14+00:00\" \/>\n<meta property=\"og:image\" content=\"https:\/\/club-bienvivre.fr\/wp-content\/uploads\/2023\/01\/pexels-cottonbro-studio-6590920-1024x683.jpg\" \/>\n<meta name=\"twitter:card\" content=\"summary_large_image\" \/>\n<meta name=\"twitter:label1\" content=\"Dur\u00e9e de lecture estim\u00e9e\" \/>\n\t<meta name=\"twitter:data1\" content=\"2 minutes\" \/>\n<script type=\"application\/ld+json\" class=\"yoast-schema-graph\">{\"@context\":\"https:\/\/schema.org\",\"@graph\":[{\"@type\":\"WebPage\",\"@id\":\"https:\/\/club-bienvivre.fr\/index.php\/nous-soutenir\/\",\"url\":\"https:\/\/club-bienvivre.fr\/index.php\/nous-soutenir\/\",\"name\":\"Nous soutenir - Club BienVivre\",\"isPartOf\":{\"@id\":\"https:\/\/club-bienvivre.fr\/#website\"},\"datePublished\":\"2023-01-05T14:47:59+00:00\",\"dateModified\":\"2023-01-20T11:16:14+00:00\",\"breadcrumb\":{\"@id\":\"https:\/\/club-bienvivre.fr\/index.php\/nous-soutenir\/#breadcrumb\"},\"inLanguage\":\"fr-FR\",\"potentialAction\":[{\"@type\":\"ReadAction\",\"target\":[\"https:\/\/club-bienvivre.fr\/index.php\/nous-soutenir\/\"]}]},{\"@type\":\"BreadcrumbList\",\"@id\":\"https:\/\/club-bienvivre.fr\/index.php\/nous-soutenir\/#breadcrumb\",\"itemListElement\":[{\"@type\":\"ListItem\",\"position\":1,\"name\":\"Accueil\",\"item\":\"https:\/\/club-bienvivre.fr\/\"},{\"@type\":\"ListItem\",\"position\":2,\"name\":\"Nous soutenir\"}]},{\"@type\":\"WebSite\",\"@id\":\"https:\/\/club-bienvivre.fr\/#website\",\"url\":\"https:\/\/club-bienvivre.fr\/\",\"name\":\"Club BienVivre\",\"description\":\"Just another WordPress site\",\"publisher\":{\"@id\":\"https:\/\/club-bienvivre.fr\/#organization\"},\"potentialAction\":[{\"@type\":\"SearchAction\",\"target\":{\"@type\":\"EntryPoint\",\"urlTemplate\":\"https:\/\/club-bienvivre.fr\/?s={search_term_string}\"},\"query-input\":\"required name=search_term_string\"}],\"inLanguage\":\"fr-FR\"},{\"@type\":\"Organization\",\"@id\":\"https:\/\/club-bienvivre.fr\/#organization\",\"name\":\"Club BienVivre\",\"url\":\"https:\/\/club-bienvivre.fr\/\",\"sameAs\":[],\"logo\":{\"@type\":\"ImageObject\",\"inLanguage\":\"fr-FR\",\"@id\":\"https:\/\/club-bienvivre.fr\/#\/schema\/logo\/image\/\",\"url\":\"https:\/\/club-bienvivre.fr\/wp-content\/uploads\/2023\/01\/cropped-Club-BV-slogan.png\",\"contentUrl\":\"https:\/\/club-bienvivre.fr\/wp-content\/uploads\/2023\/01\/cropped-Club-BV-slogan.png\",\"width\":945,\"height\":270,\"caption\":\"Club BienVivre\"},\"image\":{\"@id\":\"https:\/\/club-bienvivre.fr\/#\/schema\/logo\/image\/\"}}]}<\/script>\n<!-- \/ Yoast SEO plugin. -->","yoast_head_json":{"title":"Nous soutenir - Club BienVivre","robots":{"index":"index","follow":"follow","max-snippet":"max-snippet:-1","max-image-preview":"max-image-preview:large","max-video-preview":"max-video-preview:-1"},"canonical":"https:\/\/club-bienvivre.fr\/index.php\/nous-soutenir\/","og_locale":"fr_FR","og_type":"article","og_title":"Nous soutenir - Club BienVivre","og_description":"Soutenir l&rsquo;association Nos b\u00e9n\u00e9voles du Club-BienVivre oeuvrent chaque jour pour am\u00e9liorer la vie de nos familles et producteurs fran\u00e7ais Pour nous soutenir et nous aider dans nos actions tu as le choix : adh\u00e9rer \u00e0 l&rsquo;association, faire un don ou encore nous proposer des partenaires. J&rsquo;adh\u00e8re \u00e0 l&rsquo;association Tu souhaites faire partie des adh\u00e9rents du [&hellip;]","og_url":"https:\/\/club-bienvivre.fr\/index.php\/nous-soutenir\/","og_site_name":"Club BienVivre","article_modified_time":"2023-01-20T11:16:14+00:00","og_image":[{"url":"https:\/\/club-bienvivre.fr\/wp-content\/uploads\/2023\/01\/pexels-cottonbro-studio-6590920-1024x683.jpg"}],"twitter_card":"summary_large_image","twitter_misc":{"Dur\u00e9e de lecture estim\u00e9e":"2 minutes"},"schema":{"@context":"https:\/\/schema.org","@graph":[{"@type":"WebPage","@id":"https:\/\/club-bienvivre.fr\/index.php\/nous-soutenir\/","url":"https:\/\/club-bienvivre.fr\/index.php\/nous-soutenir\/","name":"Nous soutenir - Club BienVivre","isPartOf":{"@id":"https:\/\/club-bienvivre.fr\/#website"},"datePublished":"2023-01-05T14:47:59+00:00","dateModified":"2023-01-20T11:16:14+00:00","breadcrumb":{"@id":"https:\/\/club-bienvivre.fr\/index.php\/nous-soutenir\/#breadcrumb"},"inLanguage":"fr-FR","potentialAction":[{"@type":"ReadAction","target":["https:\/\/club-bienvivre.fr\/index.php\/nous-soutenir\/"]}]},{"@type":"BreadcrumbList","@id":"https:\/\/club-bienvivre.fr\/index.php\/nous-soutenir\/#breadcrumb","itemListElement":[{"@type":"ListItem","position":1,"name":"Accueil","item":"https:\/\/club-bienvivre.fr\/"},{"@type":"ListItem","position":2,"name":"Nous soutenir"}]},{"@type":"WebSite","@id":"https:\/\/club-bienvivre.fr\/#website","url":"https:\/\/club-bienvivre.fr\/","name":"Club BienVivre","description":"Just another WordPress site","publisher":{"@id":"https:\/\/club-bienvivre.fr\/#organization"},"potentialAction":[{"@type":"SearchAction","target":{"@type":"EntryPoint","urlTemplate":"https:\/\/club-bienvivre.fr\/?s={search_term_string}"},"query-input":"required name=search_term_string"}],"inLanguage":"fr-FR"},{"@type":"Organization","@id":"https:\/\/club-bienvivre.fr\/#organization","name":"Club BienVivre","url":"https:\/\/club-bienvivre.fr\/","sameAs":[],"logo":{"@type":"ImageObject","inLanguage":"fr-FR","@id":"https:\/\/club-bienvivre.fr\/#\/schema\/logo\/image\/","url":"https:\/\/club-bienvivre.fr\/wp-content\/uploads\/2023\/01\/cropped-Club-BV-slogan.png","contentUrl":"https:\/\/club-bienvivre.fr\/wp-content\/uploads\/2023\/01\/cropped-Club-BV-slogan.png","width":945,"height":270,"caption":"Club BienVivre"},"image":{"@id":"https:\/\/club-bienvivre.fr\/#\/schema\/logo\/image\/"}}]}},"_links":{"self":[{"href":"https:\/\/club-bienvivre.fr\/index.php\/wp-json\/wp\/v2\/pages\/251","targetHints":{"allow":["GET"]}}],"collection":[{"href":"https:\/\/club-bienvivre.fr\/index.php\/wp-json\/wp\/v2\/pages"}],"about":[{"href":"https:\/\/club-bienvivre.fr\/index.php\/wp-json\/wp\/v2\/types\/page"}],"author":[{"embeddable":true,"href":"https:\/\/club-bienvivre.fr\/index.php\/wp-json\/wp\/v2\/users\/1"}],"replies":[{"embeddable":true,"href":"https:\/\/club-bienvivre.fr\/index.php\/wp-json\/wp\/v2\/comments?post=251"}],"version-history":[{"count":57,"href":"https:\/\/club-bienvivre.fr\/index.php\/wp-json\/wp\/v2\/pages\/251\/revisions"}],"predecessor-version":[{"id":598,"href":"https:\/\/club-bienvivre.fr\/index.php\/wp-json\/wp\/v2\/pages\/251\/revisions\/598"}],"wp:attachment":[{"href":"https:\/\/club-bienvivre.fr\/index.php\/wp-json\/wp\/v2\/media?parent=251"}],"curies":[{"name":"wp","href":"https:\/\/api.w.org\/{rel}","templated":true}]}}