{"id":29,"date":"2022-10-27T21:31:10","date_gmt":"2022-10-27T21:31:10","guid":{"rendered":"https:\/\/club-bienvivre.fr\/?page_id=29"},"modified":"2023-03-08T13:28:05","modified_gmt":"2023-03-08T13:28:05","slug":"a-propos-de-nous","status":"publish","type":"page","link":"https:\/\/club-bienvivre.fr\/index.php\/a-propos-de-nous\/","title":{"rendered":"A propos de nous"},"content":{"rendered":"<style>\/*! elementor - v3.7.8 - 02-10-2022 *\/<br \/>\n.elementor-heading-title{padding:0;margin:0;line-height:1}.elementor-widget-heading .elementor-heading-title[class*=elementor-size-]>a{color:inherit;font-size:inherit;line-height:inherit}.elementor-widget-heading .elementor-heading-title.elementor-size-small{font-size:15px}.elementor-widget-heading .elementor-heading-title.elementor-size-medium{font-size:19px}.elementor-widget-heading .elementor-heading-title.elementor-size-large{font-size:29px}.elementor-widget-heading .elementor-heading-title.elementor-size-xl{font-size:39px}.elementor-widget-heading .elementor-heading-title.elementor-size-xxl{font-size:59px}<\/style>\n<h4><a href=\"https:\/\/club-bienvivre.fr\/index.php\/a-propos-de-nous\/\">A propos de nous<\/a><\/h4>\n<p>BienVivre, l&rsquo;association qui soutient les producteurs fran\u00e7ais.<\/p>\n<h4><a href=\"https:\/\/club-bienvivre.fr\/index.php\/contact\/\">Nous contacter <\/a><\/h4>\n<link rel=\"stylesheet\" href=\"https:\/\/club-bienvivre.fr\/wp-content\/plugins\/elementor\/assets\/css\/widget-icon-list.min.css\">\n<ul>\n<li>\n\t\t\t\t\t\t\t\t\t\t06.17.72.18.92<\/li>\n<li>\n\t\t\t\t\t\t\t\t\t\tmailys.hoffmann@bienvivre.fr<\/li>\n<\/ul>\n<h4>Conditions d&rsquo;utilisation<\/h4>\n<ul>\n<li>\n\t\t\t\t\t\t\t\t\t\tCGU<\/li>\n<li>\n\t\t\t\t\t\t\t\t\t\tMentions l\u00e9gales<\/li>\n<\/ul>\n<h4>R\u00e9seaux sociaux<\/h4>\n<style>\/*! elementor - v3.7.8 - 02-10-2022 *\/<br \/>\n.elementor-widget-social-icons.elementor-grid-0 .elementor-widget-container,.elementor-widget-social-icons.elementor-grid-mobile-0 .elementor-widget-container,.elementor-widget-social-icons.elementor-grid-tablet-0 .elementor-widget-container{line-height:1;font-size:0}.elementor-widget-social-icons:not(.elementor-grid-0):not(.elementor-grid-tablet-0):not(.elementor-grid-mobile-0) .elementor-grid{display:inline-grid}.elementor-widget-social-icons .elementor-grid{grid-column-gap:var(--grid-column-gap,5px);grid-row-gap:var(--grid-row-gap,5px);grid-template-columns:var(--grid-template-columns);-webkit-box-pack:var(--justify-content,center);-ms-flex-pack:var(--justify-content,center);justify-content:var(--justify-content,center);justify-items:var(--justify-content,center)}.elementor-icon.elementor-social-icon{font-size:var(--icon-size,25px);line-height:var(--icon-size,25px);width:calc(var(--icon-size, 25px) + (2 * var(--icon-padding, .5em)));height:calc(var(--icon-size, 25px) + (2 * var(--icon-padding, .5em)))}.elementor-social-icon{--e-social-icon-icon-color:#fff;display:-webkit-inline-box;display:-ms-inline-flexbox;display:inline-flex;background-color:#818a91;-webkit-box-align:center;-ms-flex-align:center;align-items:center;-webkit-box-pack:center;-ms-flex-pack:center;justify-content:center;text-align:center;cursor:pointer}.elementor-social-icon i{color:var(--e-social-icon-icon-color)}.elementor-social-icon svg{fill:var(--e-social-icon-icon-color)}.elementor-social-icon:last-child{margin:0}.elementor-social-icon:hover{opacity:.9;color:#fff}.elementor-social-icon-android{background-color:#a4c639}.elementor-social-icon-apple{background-color:#999}.elementor-social-icon-behance{background-color:#1769ff}.elementor-social-icon-bitbucket{background-color:#205081}.elementor-social-icon-codepen{background-color:#000}.elementor-social-icon-delicious{background-color:#39f}.elementor-social-icon-deviantart{background-color:#05cc47}.elementor-social-icon-digg{background-color:#005be2}.elementor-social-icon-dribbble{background-color:#ea4c89}.elementor-social-icon-elementor{background-color:#d30c5c}.elementor-social-icon-envelope{background-color:#ea4335}.elementor-social-icon-facebook,.elementor-social-icon-facebook-f{background-color:#3b5998}.elementor-social-icon-flickr{background-color:#0063dc}.elementor-social-icon-foursquare{background-color:#2d5be3}.elementor-social-icon-free-code-camp,.elementor-social-icon-freecodecamp{background-color:#006400}.elementor-social-icon-github{background-color:#333}.elementor-social-icon-gitlab{background-color:#e24329}.elementor-social-icon-globe{background-color:#818a91}.elementor-social-icon-google-plus,.elementor-social-icon-google-plus-g{background-color:#dd4b39}.elementor-social-icon-houzz{background-color:#7ac142}.elementor-social-icon-instagram{background-color:#262626}.elementor-social-icon-jsfiddle{background-color:#487aa2}.elementor-social-icon-link{background-color:#818a91}.elementor-social-icon-linkedin,.elementor-social-icon-linkedin-in{background-color:#0077b5}.elementor-social-icon-medium{background-color:#00ab6b}.elementor-social-icon-meetup{background-color:#ec1c40}.elementor-social-icon-mixcloud{background-color:#273a4b}.elementor-social-icon-odnoklassniki{background-color:#f4731c}.elementor-social-icon-pinterest{background-color:#bd081c}.elementor-social-icon-product-hunt{background-color:#da552f}.elementor-social-icon-reddit{background-color:#ff4500}.elementor-social-icon-rss{background-color:#f26522}.elementor-social-icon-shopping-cart{background-color:#4caf50}.elementor-social-icon-skype{background-color:#00aff0}.elementor-social-icon-slideshare{background-color:#0077b5}.elementor-social-icon-snapchat{background-color:#fffc00}.elementor-social-icon-soundcloud{background-color:#f80}.elementor-social-icon-spotify{background-color:#2ebd59}.elementor-social-icon-stack-overflow{background-color:#fe7a15}.elementor-social-icon-steam{background-color:#00adee}.elementor-social-icon-stumbleupon{background-color:#eb4924}.elementor-social-icon-telegram{background-color:#2ca5e0}.elementor-social-icon-thumb-tack{background-color:#1aa1d8}.elementor-social-icon-tripadvisor{background-color:#589442}.elementor-social-icon-tumblr{background-color:#35465c}.elementor-social-icon-twitch{background-color:#6441a5}.elementor-social-icon-twitter{background-color:#1da1f2}.elementor-social-icon-viber{background-color:#665cac}.elementor-social-icon-vimeo{background-color:#1ab7ea}.elementor-social-icon-vk{background-color:#45668e}.elementor-social-icon-weibo{background-color:#dd2430}.elementor-social-icon-weixin{background-color:#31a918}.elementor-social-icon-whatsapp{background-color:#25d366}.elementor-social-icon-wordpress{background-color:#21759b}.elementor-social-icon-xing{background-color:#026466}.elementor-social-icon-yelp{background-color:#af0606}.elementor-social-icon-youtube{background-color:#cd201f}.elementor-social-icon-500px{background-color:#0099e5}.elementor-shape-rounded .elementor-icon.elementor-social-icon{border-radius:10%}.elementor-shape-circle .elementor-icon.elementor-social-icon{border-radius:50%}<\/style>\n<p>\t\t\t\t\t<a target=\"_blank\" rel=\"noopener\"><br \/>\nFacebook-f<br \/>\n<\/a><br \/>\n<a target=\"_blank\" rel=\"noopener\"><br \/>\nInstagram<br \/>\n<\/a><br \/>\n<a target=\"_blank\" rel=\"noopener\"><br \/>\nYoutube<br \/>\n<\/a><\/p>\n","protected":false},"excerpt":{"rendered":"<p>A propos de nous BienVivre, l&rsquo;association qui soutient les producteurs fran\u00e7ais. Nous contacter 06.17.72.18.92 mailys.hoffmann@bienvivre.fr Conditions d&rsquo;utilisation CGU Mentions l\u00e9gales R\u00e9seaux sociaux Facebook-f Instagram Youtube<\/p>\n","protected":false},"author":1,"featured_media":0,"parent":0,"menu_order":0,"comment_status":"closed","ping_status":"closed","template":"","meta":{"footnotes":""},"class_list":["post-29","page","type-page","status-publish","hentry","entry"],"yoast_head":"<!-- This site is optimized with the Yoast SEO plugin v19.7.2 - https:\/\/yoast.com\/wordpress\/plugins\/seo\/ -->\n<title>A propos de nous - Club BienVivre<\/title>\n<meta name=\"robots\" content=\"index, follow, max-snippet:-1, max-image-preview:large, max-video-preview:-1\" \/>\n<link rel=\"canonical\" href=\"https:\/\/club-bienvivre.fr\/index.php\/a-propos-de-nous\/\" \/>\n<meta property=\"og:locale\" content=\"fr_FR\" \/>\n<meta property=\"og:type\" content=\"article\" \/>\n<meta property=\"og:title\" content=\"A propos de nous - Club BienVivre\" \/>\n<meta property=\"og:description\" content=\"A propos de nous BienVivre, l&rsquo;association qui soutient les producteurs fran\u00e7ais. Nous contacter 06.17.72.18.92 mailys.hoffmann@bienvivre.fr Conditions d&rsquo;utilisation CGU Mentions l\u00e9gales R\u00e9seaux sociaux Facebook-f Instagram Youtube\" \/>\n<meta property=\"og:url\" content=\"https:\/\/club-bienvivre.fr\/index.php\/a-propos-de-nous\/\" \/>\n<meta property=\"og:site_name\" content=\"Club BienVivre\" \/>\n<meta property=\"article:modified_time\" content=\"2023-03-08T13:28:05+00:00\" \/>\n<meta name=\"twitter:card\" content=\"summary_large_image\" \/>\n<meta name=\"twitter:label1\" content=\"Dur\u00e9e de lecture estim\u00e9e\" \/>\n\t<meta name=\"twitter:data1\" content=\"1 minute\" \/>\n<script type=\"application\/ld+json\" class=\"yoast-schema-graph\">{\"@context\":\"https:\/\/schema.org\",\"@graph\":[{\"@type\":\"WebPage\",\"@id\":\"https:\/\/club-bienvivre.fr\/index.php\/a-propos-de-nous\/\",\"url\":\"https:\/\/club-bienvivre.fr\/index.php\/a-propos-de-nous\/\",\"name\":\"A propos de nous - Club BienVivre\",\"isPartOf\":{\"@id\":\"https:\/\/club-bienvivre.fr\/#website\"},\"datePublished\":\"2022-10-27T21:31:10+00:00\",\"dateModified\":\"2023-03-08T13:28:05+00:00\",\"breadcrumb\":{\"@id\":\"https:\/\/club-bienvivre.fr\/index.php\/a-propos-de-nous\/#breadcrumb\"},\"inLanguage\":\"fr-FR\",\"potentialAction\":[{\"@type\":\"ReadAction\",\"target\":[\"https:\/\/club-bienvivre.fr\/index.php\/a-propos-de-nous\/\"]}]},{\"@type\":\"BreadcrumbList\",\"@id\":\"https:\/\/club-bienvivre.fr\/index.php\/a-propos-de-nous\/#breadcrumb\",\"itemListElement\":[{\"@type\":\"ListItem\",\"position\":1,\"name\":\"Accueil\",\"item\":\"https:\/\/club-bienvivre.fr\/\"},{\"@type\":\"ListItem\",\"position\":2,\"name\":\"A propos de nous\"}]},{\"@type\":\"WebSite\",\"@id\":\"https:\/\/club-bienvivre.fr\/#website\",\"url\":\"https:\/\/club-bienvivre.fr\/\",\"name\":\"Club BienVivre\",\"description\":\"Just another WordPress site\",\"publisher\":{\"@id\":\"https:\/\/club-bienvivre.fr\/#organization\"},\"potentialAction\":[{\"@type\":\"SearchAction\",\"target\":{\"@type\":\"EntryPoint\",\"urlTemplate\":\"https:\/\/club-bienvivre.fr\/?s={search_term_string}\"},\"query-input\":\"required name=search_term_string\"}],\"inLanguage\":\"fr-FR\"},{\"@type\":\"Organization\",\"@id\":\"https:\/\/club-bienvivre.fr\/#organization\",\"name\":\"Club BienVivre\",\"url\":\"https:\/\/club-bienvivre.fr\/\",\"sameAs\":[],\"logo\":{\"@type\":\"ImageObject\",\"inLanguage\":\"fr-FR\",\"@id\":\"https:\/\/club-bienvivre.fr\/#\/schema\/logo\/image\/\",\"url\":\"https:\/\/club-bienvivre.fr\/wp-content\/uploads\/2023\/01\/cropped-Club-BV-slogan.png\",\"contentUrl\":\"https:\/\/club-bienvivre.fr\/wp-content\/uploads\/2023\/01\/cropped-Club-BV-slogan.png\",\"width\":945,\"height\":270,\"caption\":\"Club BienVivre\"},\"image\":{\"@id\":\"https:\/\/club-bienvivre.fr\/#\/schema\/logo\/image\/\"}}]}<\/script>\n<!-- \/ Yoast SEO plugin. -->","yoast_head_json":{"title":"A propos de nous - Club BienVivre","robots":{"index":"index","follow":"follow","max-snippet":"max-snippet:-1","max-image-preview":"max-image-preview:large","max-video-preview":"max-video-preview:-1"},"canonical":"https:\/\/club-bienvivre.fr\/index.php\/a-propos-de-nous\/","og_locale":"fr_FR","og_type":"article","og_title":"A propos de nous - Club BienVivre","og_description":"A propos de nous BienVivre, l&rsquo;association qui soutient les producteurs fran\u00e7ais. Nous contacter 06.17.72.18.92 mailys.hoffmann@bienvivre.fr Conditions d&rsquo;utilisation CGU Mentions l\u00e9gales R\u00e9seaux sociaux Facebook-f Instagram Youtube","og_url":"https:\/\/club-bienvivre.fr\/index.php\/a-propos-de-nous\/","og_site_name":"Club BienVivre","article_modified_time":"2023-03-08T13:28:05+00:00","twitter_card":"summary_large_image","twitter_misc":{"Dur\u00e9e de lecture estim\u00e9e":"1 minute"},"schema":{"@context":"https:\/\/schema.org","@graph":[{"@type":"WebPage","@id":"https:\/\/club-bienvivre.fr\/index.php\/a-propos-de-nous\/","url":"https:\/\/club-bienvivre.fr\/index.php\/a-propos-de-nous\/","name":"A propos de nous - Club BienVivre","isPartOf":{"@id":"https:\/\/club-bienvivre.fr\/#website"},"datePublished":"2022-10-27T21:31:10+00:00","dateModified":"2023-03-08T13:28:05+00:00","breadcrumb":{"@id":"https:\/\/club-bienvivre.fr\/index.php\/a-propos-de-nous\/#breadcrumb"},"inLanguage":"fr-FR","potentialAction":[{"@type":"ReadAction","target":["https:\/\/club-bienvivre.fr\/index.php\/a-propos-de-nous\/"]}]},{"@type":"BreadcrumbList","@id":"https:\/\/club-bienvivre.fr\/index.php\/a-propos-de-nous\/#breadcrumb","itemListElement":[{"@type":"ListItem","position":1,"name":"Accueil","item":"https:\/\/club-bienvivre.fr\/"},{"@type":"ListItem","position":2,"name":"A propos de nous"}]},{"@type":"WebSite","@id":"https:\/\/club-bienvivre.fr\/#website","url":"https:\/\/club-bienvivre.fr\/","name":"Club BienVivre","description":"Just another WordPress site","publisher":{"@id":"https:\/\/club-bienvivre.fr\/#organization"},"potentialAction":[{"@type":"SearchAction","target":{"@type":"EntryPoint","urlTemplate":"https:\/\/club-bienvivre.fr\/?s={search_term_string}"},"query-input":"required name=search_term_string"}],"inLanguage":"fr-FR"},{"@type":"Organization","@id":"https:\/\/club-bienvivre.fr\/#organization","name":"Club BienVivre","url":"https:\/\/club-bienvivre.fr\/","sameAs":[],"logo":{"@type":"ImageObject","inLanguage":"fr-FR","@id":"https:\/\/club-bienvivre.fr\/#\/schema\/logo\/image\/","url":"https:\/\/club-bienvivre.fr\/wp-content\/uploads\/2023\/01\/cropped-Club-BV-slogan.png","contentUrl":"https:\/\/club-bienvivre.fr\/wp-content\/uploads\/2023\/01\/cropped-Club-BV-slogan.png","width":945,"height":270,"caption":"Club BienVivre"},"image":{"@id":"https:\/\/club-bienvivre.fr\/#\/schema\/logo\/image\/"}}]}},"_links":{"self":[{"href":"https:\/\/club-bienvivre.fr\/index.php\/wp-json\/wp\/v2\/pages\/29","targetHints":{"allow":["GET"]}}],"collection":[{"href":"https:\/\/club-bienvivre.fr\/index.php\/wp-json\/wp\/v2\/pages"}],"about":[{"href":"https:\/\/club-bienvivre.fr\/index.php\/wp-json\/wp\/v2\/types\/page"}],"author":[{"embeddable":true,"href":"https:\/\/club-bienvivre.fr\/index.php\/wp-json\/wp\/v2\/users\/1"}],"replies":[{"embeddable":true,"href":"https:\/\/club-bienvivre.fr\/index.php\/wp-json\/wp\/v2\/comments?post=29"}],"version-history":[{"count":5,"href":"https:\/\/club-bienvivre.fr\/index.php\/wp-json\/wp\/v2\/pages\/29\/revisions"}],"predecessor-version":[{"id":600,"href":"https:\/\/club-bienvivre.fr\/index.php\/wp-json\/wp\/v2\/pages\/29\/revisions\/600"}],"wp:attachment":[{"href":"https:\/\/club-bienvivre.fr\/index.php\/wp-json\/wp\/v2\/media?parent=29"}],"curies":[{"name":"wp","href":"https:\/\/api.w.org\/{rel}","templated":true}]}}