{"id":577,"date":"2023-01-15T21:10:35","date_gmt":"2023-01-15T21:10:35","guid":{"rendered":"https:\/\/club-bienvivre.fr\/?page_id=577"},"modified":"2023-01-15T21:10:36","modified_gmt":"2023-01-15T21:10:36","slug":"conditions-generales-dutilisation-du-site","status":"publish","type":"page","link":"https:\/\/club-bienvivre.fr\/index.php\/conditions-generales-dutilisation-du-site\/","title":{"rendered":"Conditions G\u00e9n\u00e9rales d&rsquo;Utilisation du site"},"content":{"rendered":"\n<p><strong>CONDITIONS GENERALES D\u2019UTILISATION<\/strong><\/p>\n\n\n\n<p>Les pr\u00e9sentes Conditions G\u00e9n\u00e9rales d\u2019Utilisation (ci-apr\u00e8s CGU) s\u2019appliquent entre les entit\u00e9s BienVivre&nbsp;: l\u2019association et la soci\u00e9t\u00e9 par actions simplifi\u00e9e<\/p>\n\n\n\n<div class=\"wp-block-group\"><div class=\"wp-block-group__inner-container is-layout-constrained wp-block-group-is-layout-constrained\">\n<p>et les usagers de nos contenus publi\u00e9s sur nos @sites&nbsp;:<\/p>\n\n\n\n<p>BienVivre.fr le Magazine<\/p>\n\n\n\n<p>BienVivre.fr\/boutique\/ Le March\u00e9 Digital<\/p>\n\n\n\n<p>Club-BienVivre.fr l\u2019association et sa communaut\u00e9<\/p>\n<\/div><\/div>\n\n\n\n<p><strong>Article <\/strong><strong>1<\/strong><strong>. Objet<\/strong><\/p>\n\n\n\n<p>Les pr\u00e9sentes CGU ont pour objet de d\u00e9finir les conditions des droits et devoirs liant les entit\u00e9s BienVivre<\/p>\n\n\n\n<p>aux usagers de nos sites web et contenus<\/p>\n\n\n\n<p><strong>Article 2. Pr\u00e9requis<\/strong><\/p>\n\n\n\n<p><strong>2.1 Inscription et Cr\u00e9ation d\u2019un compte abonn\u00e9<\/strong><\/p>\n\n\n\n<p>La cr\u00e9ation d\u2019un compte abonn\u00e9 de BienVivre est un pr\u00e9alable indispensable pour&nbsp;:<\/p>\n\n\n\n<p>recevoir les posts avertissant de la publication de nouveaux articles ou vid\u00e9o ou nouveaux producteurs ou nouveaux produits<\/p>\n\n\n\n<p>lire les articles complets au-del\u00e0 des r\u00e9sum\u00e9s de la page d\u2019accueil<\/p>\n\n\n\n<ul class=\"wp-block-list\">\n<li>Remplir le Formulaire d\u2019inscription en compl\u00e9tant les informations de contact&nbsp;: email et tel mobile<\/li>\n\n\n\n<li>Valider son inscription en tant que abonn\u00e9<\/li>\n\n\n\n<li>Accepter, apr\u00e8s les avoir lu les pr\u00e9sentes Conditions g\u00e9n\u00e9rales d\u2019Utilisation des @sites de BienVivre en cochant la case \u00ab J\u2019accepte les CGU de BienVivre&nbsp;\u00bb<\/li>\n<\/ul>\n\n\n\n<p><strong>2.2 Identifiant et Mot de Passe<\/strong><\/p>\n\n\n\n<p>L\u2019abonn\u00e9 garantit l\u2019exactitude des informations fournies pour les besoins de son inscription<\/p>\n\n\n\n<p>l\u2019abonn\u00e9 est seul responsable de la pr\u00e9servation et de la confidentialit\u00e9 de ses identifiants et mots de passe<\/p>\n\n\n\n<p>Le mot de passe est strictement personnel et confidentiel. Toute utilisation du mot de passe est pr\u00e9sum\u00e9e effectu\u00e9e au nom de l\u2019usager<\/p>\n\n\n\n<p>L\u2019abonn\u00e9 s\u2019engage \u00e0 modifier son mot de passe sans d\u00e9lai en cas de perte, oubli ou r\u00e9v\u00e9lation volontaire ou non \u00e0 des tiers de son mot de passe<\/p>\n\n\n\n<p><strong>Article 3. R\u00e9clamations<\/strong><\/p>\n\n\n\n<p>L\u2019usager abonn\u00e9 ou non a un droit de r\u00e9clamation sur une prestation ou service ou offre pay\u00e9e \u00e0 BienVivre<\/p>\n\n\n\n<p>Le nombre, l&rsquo;\u00e9tat des Produits et la conformit\u00e9 des produits ou des services seront v\u00e9rifi\u00e9s par le client de BienVivre, au moment de la livraison, qui pourra faire constater par \u00e9crit sur le bon de livraison les \u00e9ventuelles avaries ou Produits manquants par des r\u00e9serves claires lors de la livraison<\/p>\n\n\n\n<p>L\u2019usager abonn\u00e9 ou non qui prendrait une position de client n\u2019a pas de d\u00e9lais post r\u00e9ception pour porter une r\u00e9clamation sur des produits frais et surgel\u00e9s, \u00e9tant entendu qu\u2019un d\u00e9lais serait incoh\u00e9rent avec la garantie opposable de maintien de la chaine du froid.<\/p>\n\n\n\n<p>Pour les produits conservables \u00e0 temp\u00e9rature ambiante, le client final a un d\u00e9lais de 24H post r\u00e9ception,.<\/p>\n\n\n\n<p>Les Conditions G\u00e9n\u00e9rales d\u2019Achat consultables sur la Boutique donnent plus d\u2019informations sur les droits et devoirs des clients.<\/p>\n\n\n\n<p><strong>Article 4. Transfert des responsabilit\u00e9s et propri\u00e9t\u00e9s<\/strong><\/p>\n\n\n\n<p>La propri\u00e9t\u00e9 des Produits est transf\u00e9r\u00e9e \u00e0 la livraison. Les Produits seront aux charges, risques et p\u00e9rils directs ou indirects du Fournisseur puis du Transporteur jusqu\u2019\u00e0 la r\u00e9ception ou de son enl\u00e8vement par le client<\/p>\n\n\n\n<p>Une fois le produit r\u00e9ceptionn\u00e9 il est classiquement r\u00e9ptut\u00e9 propri\u00e9t\u00e9 du client, ce qui d\u00e9charge alors le Transporteur de toute responsabilit\u00e9 ainsi que sa couverture en assurance<\/p>\n\n\n\n<p><strong>Article <\/strong><strong>5<\/strong><strong>. Responsabilit\u00e9 en cas de non conformit\u00e9<\/strong><\/p>\n\n\n\n<p>BienVivre est en charge de la r\u00e9solution des diff\u00e9rents li\u00e9s aux Produits du Fournisseur et notamment de la non-conformit\u00e9 de ceux-ci (nombre de Produit, Produits ne correspondant pas \u00e0 la description, qualit\u00e9 des Produits, \u00e9tat sanitaire etc). En cas de r\u00e9clamation, BienVivre en informera le Fournisseur et ouvrira une enqu\u00eate sur le traitement du colis.<\/p>\n\n\n\n<p>BienVivre d\u00e9terminera si le Produit est conforme ou non en examinant les informations \/preuve fournies tant par le Fournisseur et par le Client final. Si le Produit n\u2019est effectivement pas conforme, le client pourrait \u00eatre rembours\u00e9.<\/p>\n\n\n\n<p><strong>Article 6. Donn\u00e9es Personnelles<\/strong><\/p>\n\n\n\n<p><strong>6.1 Droit des personnes<\/strong><\/p>\n\n\n\n<p>Chaque partie s\u2019engage \u00e0 respecter la r\u00e9glementation en vigueur applicable au traitement de donn\u00e9es \u00e0 caract\u00e8re personnel et, en particulier, le r\u00e8glement (UE) 2016\/679 du Parlement europ\u00e9en et du Conseil du 27 avril 2016 applicable depuis le 25 mai 2018, dit \u00ab&nbsp;R\u00e8glement G\u00e9n\u00e9ral sur la Protection des Donn\u00e9es&nbsp;\u00bb.Chaque partie est responsable des donn\u00e9es \u00e0 caract\u00e8re personnel auxquelles elle aurait acc\u00e8s au titre de l\u2019ex\u00e9cution du contrat et s\u2019engage, tant en son nom qu\u2019en celui de ses pr\u00e9pos\u00e9s&nbsp;:<\/p>\n\n\n\n<ul class=\"wp-block-list\">\n<li>\u00e0 prendre toutes dispositions n\u00e9cessaires pour faire assurer le respect du pr\u00e9sent engagement par ses employ\u00e9s et pr\u00e9pos\u00e9s pr\u00e9cit\u00e9s,<\/li>\n\n\n\n<li>\u00e0 garantir l\u2019autre Partie contre tous dommages qui pourraient r\u00e9sulter pour cette derni\u00e8re du non-respect des engagements ci-dessus d\u00e9finis.<\/li>\n<\/ul>\n\n\n\n<p>Les donn\u00e9es \u00e0 caract\u00e8re personnel concern\u00e9es et trait\u00e9es par BienVivre dans le cadre du Contrat sont les noms, mail, adresse, num\u00e9ro de t\u00e9l\u00e9phone, RIB bancaire, siret, aux fins de gestion de la relation contractuelles et gestion de la facturation. Jusqu\u2019\u00e0 la cessation du Contrat, la lic\u00e9it\u00e9 du traitement de ces donn\u00e9es par BienVivre est justifi\u00e9e par l\u2019int\u00e9r\u00eat l\u00e9gitime des Parties \u00e0 ce que le Contrat soit ex\u00e9cut\u00e9. A compter de la cessation du Contrat, la lic\u00e9it\u00e9 du traitement de ces donn\u00e9es par les parties est justifi\u00e9 par la poursuite de son int\u00e9r\u00eat l\u00e9gitime caract\u00e9ris\u00e9 dans le fait de pouvoir exercer leurs droits ou d\u00e9montrer l\u2019ex\u00e9cution de leurs obligations au titre du Contrat. Ces donn\u00e9es seront conserv\u00e9es jusqu\u2019\u00e0 l\u2019extinction du d\u00e9lai de prescription pour faire valoir ses droits ou jusqu\u2019\u00e0 l\u2019extinction du d\u00e9lai de prescription de l\u2019autre partie pour faire valoir les siens au titre du Contrat. Les destinataires des donn\u00e9es sont les employ\u00e9s de BienVivre.<\/p>\n\n\n\n<p><strong>6.2 \u2013 S\u00e9curit\u00e9<\/strong><\/p>\n\n\n\n<p>BienVivre reconna\u00eet que l\u2019ensemble de ces donn\u00e9es et fichiers sont soumis au respect de la loi \u00ab&nbsp;Informatique et libert\u00e9s&nbsp;\u00bb et rel\u00e8ve de la vie priv\u00e9e et du secret professionnel. En cons\u00e9quence, elle s\u2019engage \u00e0 mettre en place toutes les proc\u00e9dures n\u00e9cessaires pour en assurer la confidentialit\u00e9 et la plus grande s\u00e9curit\u00e9<\/p>\n\n\n\n<p><strong>Article 7. Confidentialit\u00e9<\/strong><\/p>\n\n\n\n<p>Toute information fournie par l\u2019usager abonn\u00e9 ou non doit \u00eatre trait\u00e9e de mani\u00e8re confidentielle par BienVivre, voir la \u2018politique de confidentialit\u00e9\u2019 d\u00e9taillant dans le cadre de la loi RGPD les droits et devoirs aff\u00e9rant.<\/p>\n\n\n\n<p>De m\u00eame l\u2019usager abonn\u00e9 ou non, a le devoir de loyaut\u00e9 et de confidentialit\u00e9 envers BienVivre sur les informations \u2013 offres et toute autre communication qu\u2019il aurait re\u00e7u par \u2018Message Priv\u00e9\u2019&nbsp;(MP)&nbsp;: SMS \u00e0 son t\u00e9l\u00e9phone, post Whatsapp \u00e0 son t\u00e9l\u00e9phone, mail \u2013 courriel \u00e0 son @mail, courrier re\u00e7u par voie postale.<\/p>\n\n\n\n<p>Tout usage ou divulgation d\u2019informations r\u00e9serv\u00e9es aux abonn\u00e9s \u2013 aux membres de l\u2019association, qui porterait pr\u00e9judice aux int\u00e9r\u00eats de l\u2019association ou de la sas&nbsp;; pourrait motiver et justifier des poursuites judiciaires.<\/p>\n\n\n\n<p><strong>Article 8. Respect des lois<\/strong><\/p>\n\n\n\n<p>Chaque partie doit se conformer strictement aux lois et r\u00e8glements applicables \u00e0 ses obligations au titre du Contrat. L\u2019usager \u2013 abonn\u00e9 ou non s\u2019engage \u00e0 communiquer sur la boite contact de BienVivre toutes les informations permettant d\u2019identifier le contenu, l\u2019article, l\u2019action posant probl\u00e8me.<\/p>\n\n\n\n<p><strong>Article 9. Divers<\/strong><\/p>\n\n\n\n<p>Le fait de ne pas se pr\u00e9valoir \u00e0 un moment donn\u00e9 de l&rsquo;une quelconque des clauses des pr\u00e9sentes CGU ne vaut pas renonciation \u00e0 s&rsquo;en pr\u00e9valoir ult\u00e9rieurement.<\/p>\n\n\n\n<p>En cas de difficult\u00e9s d\u2019interpr\u00e9tation r\u00e9sultant d\u2019une contradiction entre l\u2019un quelconque des titres figurant en t\u00eate des clauses et l\u2019une quelconque des clauses, les titres seront d\u00e9clar\u00e9s inexistants.<\/p>\n\n\n\n<p>Si une ou plusieurs stipulations des CGU sont tenues pour non valides ou d\u00e9clar\u00e9es comme telles en application d\u2019une loi, d\u2019un r\u00e8glement ou \u00e0 la suite d\u2019une d\u00e9cision pass\u00e9e en force de chose jug\u00e9e d\u2019une juridiction comp\u00e9tente, les autres stipulations garderont toute leur force et leur port\u00e9e.<\/p>\n\n\n\n<p><strong>Article 10. Loi applicable<\/strong><\/p>\n\n\n\n<p>La loi applicable est la loi fran\u00e7aise. Il en est ainsi pour les r\u00e8gles de fond et les r\u00e8gles de forme et ce, nonobstant les lieux d\u2019ex\u00e9cution des obligations substantielles ou accessoires. De mani\u00e8re expresse, les parties conviennent d\u2019exclure l&rsquo;application de la Convention de Vienne sur la vente internationale de marchandise.<\/p>\n\n\n\n<p><strong>Article 11. Attribution de comp\u00e9tence<\/strong><\/p>\n\n\n\n<p>EN CAS DE LITIGE, COMPETENCE EXPRESSE EST ATTRIBUEE AU TRIBUNAL DE COMMERCE DE TOULON MEME EN CAS DE DEMANDE INCIDENTE OU EN GARANTIE OU DE PLURALITE DE DEFENDEURS.<\/p>\n","protected":false},"excerpt":{"rendered":"<p>CONDITIONS GENERALES D\u2019UTILISATION Les pr\u00e9sentes Conditions G\u00e9n\u00e9rales d\u2019Utilisation (ci-apr\u00e8s CGU) s\u2019appliquent entre les entit\u00e9s BienVivre&nbsp;: l\u2019association et la soci\u00e9t\u00e9 par actions simplifi\u00e9e et les usagers de nos contenus publi\u00e9s sur nos @sites&nbsp;: BienVivre.fr le Magazine BienVivre.fr\/boutique\/ Le March\u00e9 Digital Club-BienVivre.fr l\u2019association et sa communaut\u00e9 Article 1. Objet Les pr\u00e9sentes CGU ont pour objet de d\u00e9finir [&hellip;]<\/p>\n","protected":false},"author":1,"featured_media":0,"parent":0,"menu_order":0,"comment_status":"closed","ping_status":"closed","template":"","meta":{"footnotes":""},"class_list":["post-577","page","type-page","status-publish","hentry","entry"],"yoast_head":"<!-- This site is optimized with the Yoast SEO plugin v19.7.2 - https:\/\/yoast.com\/wordpress\/plugins\/seo\/ -->\n<title>Conditions G\u00e9n\u00e9rales d&#039;Utilisation du site - Club BienVivre<\/title>\n<meta name=\"description\" content=\"les Conditions G\u00e9n\u00e9rales d&#039;Utilisation du site Club-Bienvivre.fr rappellent notamment le traitement et la protection des donn\u00e9es personnelles des usagers, toutefois un document relatif sp\u00e9cifique fait r\u00e9f\u00e9rence : la Politique de Confidentialit\u00e9\" \/>\n<meta name=\"robots\" content=\"index, follow, max-snippet:-1, max-image-preview:large, max-video-preview:-1\" \/>\n<link rel=\"canonical\" href=\"https:\/\/club-bienvivre.fr\/index.php\/conditions-generales-dutilisation-du-site\/\" \/>\n<meta property=\"og:locale\" content=\"fr_FR\" \/>\n<meta property=\"og:type\" content=\"article\" \/>\n<meta property=\"og:title\" content=\"Conditions G\u00e9n\u00e9rales d&#039;Utilisation du site - Club BienVivre\" \/>\n<meta property=\"og:description\" content=\"les Conditions G\u00e9n\u00e9rales d&#039;Utilisation du site Club-Bienvivre.fr rappellent notamment le traitement et la protection des donn\u00e9es personnelles des usagers, toutefois un document relatif sp\u00e9cifique fait r\u00e9f\u00e9rence : la Politique de Confidentialit\u00e9\" \/>\n<meta property=\"og:url\" content=\"https:\/\/club-bienvivre.fr\/index.php\/conditions-generales-dutilisation-du-site\/\" \/>\n<meta property=\"og:site_name\" content=\"Club BienVivre\" \/>\n<meta property=\"article:modified_time\" content=\"2023-01-15T21:10:36+00:00\" \/>\n<meta name=\"twitter:card\" content=\"summary_large_image\" \/>\n<meta name=\"twitter:label1\" content=\"Dur\u00e9e de lecture estim\u00e9e\" \/>\n\t<meta name=\"twitter:data1\" content=\"7 minutes\" \/>\n<script type=\"application\/ld+json\" class=\"yoast-schema-graph\">{\"@context\":\"https:\/\/schema.org\",\"@graph\":[{\"@type\":\"WebPage\",\"@id\":\"https:\/\/club-bienvivre.fr\/index.php\/conditions-generales-dutilisation-du-site\/\",\"url\":\"https:\/\/club-bienvivre.fr\/index.php\/conditions-generales-dutilisation-du-site\/\",\"name\":\"Conditions G\u00e9n\u00e9rales d'Utilisation du site - Club BienVivre\",\"isPartOf\":{\"@id\":\"https:\/\/club-bienvivre.fr\/#website\"},\"datePublished\":\"2023-01-15T21:10:35+00:00\",\"dateModified\":\"2023-01-15T21:10:36+00:00\",\"description\":\"les Conditions G\u00e9n\u00e9rales d'Utilisation du site Club-Bienvivre.fr rappellent notamment le traitement et la protection des donn\u00e9es personnelles des usagers, toutefois un document relatif sp\u00e9cifique fait r\u00e9f\u00e9rence : la Politique de Confidentialit\u00e9\",\"breadcrumb\":{\"@id\":\"https:\/\/club-bienvivre.fr\/index.php\/conditions-generales-dutilisation-du-site\/#breadcrumb\"},\"inLanguage\":\"fr-FR\",\"potentialAction\":[{\"@type\":\"ReadAction\",\"target\":[\"https:\/\/club-bienvivre.fr\/index.php\/conditions-generales-dutilisation-du-site\/\"]}]},{\"@type\":\"BreadcrumbList\",\"@id\":\"https:\/\/club-bienvivre.fr\/index.php\/conditions-generales-dutilisation-du-site\/#breadcrumb\",\"itemListElement\":[{\"@type\":\"ListItem\",\"position\":1,\"name\":\"Accueil\",\"item\":\"https:\/\/club-bienvivre.fr\/\"},{\"@type\":\"ListItem\",\"position\":2,\"name\":\"Conditions G\u00e9n\u00e9rales d&rsquo;Utilisation du site\"}]},{\"@type\":\"WebSite\",\"@id\":\"https:\/\/club-bienvivre.fr\/#website\",\"url\":\"https:\/\/club-bienvivre.fr\/\",\"name\":\"Club BienVivre\",\"description\":\"Just another WordPress site\",\"publisher\":{\"@id\":\"https:\/\/club-bienvivre.fr\/#organization\"},\"potentialAction\":[{\"@type\":\"SearchAction\",\"target\":{\"@type\":\"EntryPoint\",\"urlTemplate\":\"https:\/\/club-bienvivre.fr\/?s={search_term_string}\"},\"query-input\":\"required name=search_term_string\"}],\"inLanguage\":\"fr-FR\"},{\"@type\":\"Organization\",\"@id\":\"https:\/\/club-bienvivre.fr\/#organization\",\"name\":\"Club BienVivre\",\"url\":\"https:\/\/club-bienvivre.fr\/\",\"sameAs\":[],\"logo\":{\"@type\":\"ImageObject\",\"inLanguage\":\"fr-FR\",\"@id\":\"https:\/\/club-bienvivre.fr\/#\/schema\/logo\/image\/\",\"url\":\"https:\/\/club-bienvivre.fr\/wp-content\/uploads\/2023\/01\/cropped-Club-BV-slogan.png\",\"contentUrl\":\"https:\/\/club-bienvivre.fr\/wp-content\/uploads\/2023\/01\/cropped-Club-BV-slogan.png\",\"width\":945,\"height\":270,\"caption\":\"Club BienVivre\"},\"image\":{\"@id\":\"https:\/\/club-bienvivre.fr\/#\/schema\/logo\/image\/\"}}]}<\/script>\n<!-- \/ Yoast SEO plugin. -->","yoast_head_json":{"title":"Conditions G\u00e9n\u00e9rales d'Utilisation du site - Club BienVivre","description":"les Conditions G\u00e9n\u00e9rales d'Utilisation du site Club-Bienvivre.fr rappellent notamment le traitement et la protection des donn\u00e9es personnelles des usagers, toutefois un document relatif sp\u00e9cifique fait r\u00e9f\u00e9rence : la Politique de Confidentialit\u00e9","robots":{"index":"index","follow":"follow","max-snippet":"max-snippet:-1","max-image-preview":"max-image-preview:large","max-video-preview":"max-video-preview:-1"},"canonical":"https:\/\/club-bienvivre.fr\/index.php\/conditions-generales-dutilisation-du-site\/","og_locale":"fr_FR","og_type":"article","og_title":"Conditions G\u00e9n\u00e9rales d'Utilisation du site - Club BienVivre","og_description":"les Conditions G\u00e9n\u00e9rales d'Utilisation du site Club-Bienvivre.fr rappellent notamment le traitement et la protection des donn\u00e9es personnelles des usagers, toutefois un document relatif sp\u00e9cifique fait r\u00e9f\u00e9rence : la Politique de Confidentialit\u00e9","og_url":"https:\/\/club-bienvivre.fr\/index.php\/conditions-generales-dutilisation-du-site\/","og_site_name":"Club BienVivre","article_modified_time":"2023-01-15T21:10:36+00:00","twitter_card":"summary_large_image","twitter_misc":{"Dur\u00e9e de lecture estim\u00e9e":"7 minutes"},"schema":{"@context":"https:\/\/schema.org","@graph":[{"@type":"WebPage","@id":"https:\/\/club-bienvivre.fr\/index.php\/conditions-generales-dutilisation-du-site\/","url":"https:\/\/club-bienvivre.fr\/index.php\/conditions-generales-dutilisation-du-site\/","name":"Conditions G\u00e9n\u00e9rales d'Utilisation du site - Club BienVivre","isPartOf":{"@id":"https:\/\/club-bienvivre.fr\/#website"},"datePublished":"2023-01-15T21:10:35+00:00","dateModified":"2023-01-15T21:10:36+00:00","description":"les Conditions G\u00e9n\u00e9rales d'Utilisation du site Club-Bienvivre.fr rappellent notamment le traitement et la protection des donn\u00e9es personnelles des usagers, toutefois un document relatif sp\u00e9cifique fait r\u00e9f\u00e9rence : la Politique de Confidentialit\u00e9","breadcrumb":{"@id":"https:\/\/club-bienvivre.fr\/index.php\/conditions-generales-dutilisation-du-site\/#breadcrumb"},"inLanguage":"fr-FR","potentialAction":[{"@type":"ReadAction","target":["https:\/\/club-bienvivre.fr\/index.php\/conditions-generales-dutilisation-du-site\/"]}]},{"@type":"BreadcrumbList","@id":"https:\/\/club-bienvivre.fr\/index.php\/conditions-generales-dutilisation-du-site\/#breadcrumb","itemListElement":[{"@type":"ListItem","position":1,"name":"Accueil","item":"https:\/\/club-bienvivre.fr\/"},{"@type":"ListItem","position":2,"name":"Conditions G\u00e9n\u00e9rales d&rsquo;Utilisation du site"}]},{"@type":"WebSite","@id":"https:\/\/club-bienvivre.fr\/#website","url":"https:\/\/club-bienvivre.fr\/","name":"Club BienVivre","description":"Just another WordPress site","publisher":{"@id":"https:\/\/club-bienvivre.fr\/#organization"},"potentialAction":[{"@type":"SearchAction","target":{"@type":"EntryPoint","urlTemplate":"https:\/\/club-bienvivre.fr\/?s={search_term_string}"},"query-input":"required name=search_term_string"}],"inLanguage":"fr-FR"},{"@type":"Organization","@id":"https:\/\/club-bienvivre.fr\/#organization","name":"Club BienVivre","url":"https:\/\/club-bienvivre.fr\/","sameAs":[],"logo":{"@type":"ImageObject","inLanguage":"fr-FR","@id":"https:\/\/club-bienvivre.fr\/#\/schema\/logo\/image\/","url":"https:\/\/club-bienvivre.fr\/wp-content\/uploads\/2023\/01\/cropped-Club-BV-slogan.png","contentUrl":"https:\/\/club-bienvivre.fr\/wp-content\/uploads\/2023\/01\/cropped-Club-BV-slogan.png","width":945,"height":270,"caption":"Club BienVivre"},"image":{"@id":"https:\/\/club-bienvivre.fr\/#\/schema\/logo\/image\/"}}]}},"_links":{"self":[{"href":"https:\/\/club-bienvivre.fr\/index.php\/wp-json\/wp\/v2\/pages\/577","targetHints":{"allow":["GET"]}}],"collection":[{"href":"https:\/\/club-bienvivre.fr\/index.php\/wp-json\/wp\/v2\/pages"}],"about":[{"href":"https:\/\/club-bienvivre.fr\/index.php\/wp-json\/wp\/v2\/types\/page"}],"author":[{"embeddable":true,"href":"https:\/\/club-bienvivre.fr\/index.php\/wp-json\/wp\/v2\/users\/1"}],"replies":[{"embeddable":true,"href":"https:\/\/club-bienvivre.fr\/index.php\/wp-json\/wp\/v2\/comments?post=577"}],"version-history":[{"count":1,"href":"https:\/\/club-bienvivre.fr\/index.php\/wp-json\/wp\/v2\/pages\/577\/revisions"}],"predecessor-version":[{"id":579,"href":"https:\/\/club-bienvivre.fr\/index.php\/wp-json\/wp\/v2\/pages\/577\/revisions\/579"}],"wp:attachment":[{"href":"https:\/\/club-bienvivre.fr\/index.php\/wp-json\/wp\/v2\/media?parent=577"}],"curies":[{"name":"wp","href":"https:\/\/api.w.org\/{rel}","templated":true}]}}